{"id":17,"date":"2023-05-08T09:07:57","date_gmt":"2023-05-08T09:07:57","guid":{"rendered":"https:\/\/instalo-antunovic.hr\/?page_id=17"},"modified":"2023-06-07T08:23:50","modified_gmt":"2023-06-07T08:23:50","slug":"o-nama","status":"publish","type":"page","link":"https:\/\/instalo-antunovic.hr\/?page_id=17","title":{"rendered":"O nama"},"content":{"rendered":"<p>&nbsp;<\/p>\n<p style=\"text-align: center;\">Mi smo stru\u010dni tim posve\u0107en plinskim i vodenim instalacijama, pru\u017eaju\u0107i pouzdane i kvalitetne usluge na\u0161im klijentima. Sa dugogodi\u0161njim iskustvom u industriji, posve\u0107eni smo pru\u017eanju re\u0161enja koja zadovoljavaju potrebe na\u0161ih klijenata.<\/p>\n<p style=\"text-align: center;\">Na\u0161a firma je osnovana sa ciljem da pru\u017ei najbolje mogu\u0107e usluge a na\u0161 tim sastoji se od stru\u010dnjaka koji su specijalizirani za razli\u010dite aspekte ovog podru\u010dja. Bilo da vam je potrebna nova instalacija, popravak ili redovno odr\u017eavanje, mi smo tu da vam pomognemo. Koristimo samo vrhunske materijale i opremu kako bismo osigurali da na\u0161e instalacije budu sigurne, pouzdane i dugotrajne.<\/p>\n<p>&nbsp;<\/p>\n<p><img loading=\"lazy\" decoding=\"async\" class=\"size-medium wp-image-94 aligncenter\" src=\"https:\/\/instalo-antunovic.hr\/wp-content\/uploads\/2023\/06\/instalo-antunovic-300x59.png\" alt=\"\" width=\"300\" height=\"59\" srcset=\"https:\/\/instalo-antunovic.hr\/wp-content\/uploads\/2023\/06\/instalo-antunovic-300x59.png 300w, https:\/\/instalo-antunovic.hr\/wp-content\/uploads\/2023\/06\/instalo-antunovic.png 345w\" sizes=\"auto, (max-width: 300px) 100vw, 300px\" \/><\/p>\n<p>&nbsp;<\/p>\n","protected":false},"excerpt":{"rendered":"<p>&nbsp; Mi smo stru\u010dni tim posve\u0107en plinskim i vodenim instalacijama, pru\u017eaju\u0107i pouzdane i kvalitetne usluge na\u0161im klijentima. Sa dugogodi\u0161njim iskustvom u industriji, posve\u0107eni smo pru\u017eanju re\u0161enja koja zadovoljavaju potrebe na\u0161ih klijenata. Na\u0161a firma je osnovana sa ciljem da pru\u017ei najbolje mogu\u0107e usluge a na\u0161&hellip;<\/p>\n","protected":false},"author":1,"featured_media":0,"parent":0,"menu_order":0,"comment_status":"closed","ping_status":"closed","template":"","meta":{"ngg_post_thumbnail":0,"footnotes":""},"class_list":["post-17","page","type-page","status-publish","hentry"],"_links":{"self":[{"href":"https:\/\/instalo-antunovic.hr\/index.php?rest_route=\/wp\/v2\/pages\/17","targetHints":{"allow":["GET"]}}],"collection":[{"href":"https:\/\/instalo-antunovic.hr\/index.php?rest_route=\/wp\/v2\/pages"}],"about":[{"href":"https:\/\/instalo-antunovic.hr\/index.php?rest_route=\/wp\/v2\/types\/page"}],"author":[{"embeddable":true,"href":"https:\/\/instalo-antunovic.hr\/index.php?rest_route=\/wp\/v2\/users\/1"}],"replies":[{"embeddable":true,"href":"https:\/\/instalo-antunovic.hr\/index.php?rest_route=%2Fwp%2Fv2%2Fcomments&post=17"}],"version-history":[{"count":11,"href":"https:\/\/instalo-antunovic.hr\/index.php?rest_route=\/wp\/v2\/pages\/17\/revisions"}],"predecessor-version":[{"id":100,"href":"https:\/\/instalo-antunovic.hr\/index.php?rest_route=\/wp\/v2\/pages\/17\/revisions\/100"}],"wp:attachment":[{"href":"https:\/\/instalo-antunovic.hr\/index.php?rest_route=%2Fwp%2Fv2%2Fmedia&parent=17"}],"curies":[{"name":"wp","href":"https:\/\/api.w.org\/{rel}","templated":true}]}}