{"id":21,"date":"2023-05-08T09:12:14","date_gmt":"2023-05-08T09:12:14","guid":{"rendered":"https:\/\/instalo-antunovic.hr\/?page_id=21"},"modified":"2023-10-02T07:36:57","modified_gmt":"2023-10-02T07:36:57","slug":"mjera-6-2-1","status":"publish","type":"page","link":"https:\/\/instalo-antunovic.hr\/?page_id=21","title":{"rendered":"MJERA 6.2.1"},"content":{"rendered":"<p>&nbsp;<\/p>\n<p style=\"text-align: center;\"><strong>NAZIV PROJEKTA:<\/strong><\/p>\n<p style=\"text-align: center;\"><strong>Pru\u017eanje usluga instalaterskih radova<\/strong><\/p>\n<p>&nbsp;<\/p>\n<p style=\"text-align: center;\"><strong><img loading=\"lazy\" decoding=\"async\" class=\"alignnone wp-image-80\" src=\"https:\/\/instalo-antunovic.hr\/wp-content\/uploads\/2023\/05\/Fond-300x192.png\" alt=\"\" width=\"457\" height=\"293\" srcset=\"https:\/\/instalo-antunovic.hr\/wp-content\/uploads\/2023\/05\/Fond-300x192.png 300w, https:\/\/instalo-antunovic.hr\/wp-content\/uploads\/2023\/05\/Fond-370x237.png 370w, https:\/\/instalo-antunovic.hr\/wp-content\/uploads\/2023\/05\/Fond.png 538w\" sizes=\"auto, (max-width: 457px) 100vw, 457px\" \/><\/strong><\/p>\n<p>&nbsp;<\/p>\n<p style=\"text-align: center;\"><strong>OPIS PROJEKTA<\/strong><\/p>\n<p style=\"text-align: center;\">OPG nastoji pro\u0161iriti svoje poslovanje stvaranjem nove nepoljoprivredne djelatnosti, odnosno ponudom usluge ugradnje i popravaka instalacija. S toga, provedbom planiranih aktivnosti projekta na OPG-u, OPG se planira transformirati u obrt. razvit \u0107e se nova diversificirana djelatnost NKD 43.22, Uvo\u0111enje instalacija vodovoda, kanalizacije i plina i instalacija za grijanje i klimatizaciju<\/p>\n<p style=\"text-align: center;\">Na objekt ugradit \u0107e se solarni paneli te \u0107e se tako koristiti solarna energija, odnosno obnovljivi izvor energije. Sam rad fotonaponskih solarnih \u0107elija prakti\u010dki ne optere\u0107uje okoli\u0161. Pri radu fotonaponskih \u0107elija ne proizvode se stakleni\u010dki plinovi. Zbog toga fotonaponske solarne \u0107elije imaju pozitivan utjecaj na okoli\u0161, a njihovom upotrebom smanjuju se emisije stakleni\u010dkih plinova.<\/p>\n<p style=\"text-align: center;\">&nbsp;<\/p>\n<p style=\"text-align: center;\">Pokretanjem navedene djelatnosti doprinijet \u0107e se stvaranju novih radnih mjesta samozapo\u0161ljavanjem u obrtu \u0161to doprinosi razvoju ruralnih podru\u010dja.<\/p>\n<p style=\"text-align: center;\"><strong>AKTIVNOSTI PROJEKTA<\/strong><\/p>\n<p style=\"text-align: center;\">ugradnja solarnih panela<\/p>\n<p style=\"text-align: center;\">izrada web stranice<\/p>\n<p style=\"text-align: center;\">kupnja seta alata<\/p>\n<p style=\"text-align: center;\">kupnja gospodarskog vozila<\/p>\n<p style=\"text-align: center;\"><strong>VRIJEDNOST PROJEKTA<\/strong><\/p>\n<p style=\"text-align: center;\">50.000 EUR<\/p>\n","protected":false},"excerpt":{"rendered":"<p>&nbsp; NAZIV PROJEKTA: Pru\u017eanje usluga instalaterskih radova &nbsp; &nbsp; OPIS PROJEKTA OPG nastoji pro\u0161iriti svoje poslovanje stvaranjem nove nepoljoprivredne djelatnosti, odnosno ponudom usluge ugradnje i popravaka instalacija. S toga, provedbom planiranih aktivnosti projekta na OPG-u, OPG se planira transformirati u obrt. razvit \u0107e se&hellip;<\/p>\n","protected":false},"author":1,"featured_media":0,"parent":0,"menu_order":0,"comment_status":"closed","ping_status":"closed","template":"","meta":{"ngg_post_thumbnail":0,"footnotes":""},"class_list":["post-21","page","type-page","status-publish","hentry"],"_links":{"self":[{"href":"https:\/\/instalo-antunovic.hr\/index.php?rest_route=\/wp\/v2\/pages\/21","targetHints":{"allow":["GET"]}}],"collection":[{"href":"https:\/\/instalo-antunovic.hr\/index.php?rest_route=\/wp\/v2\/pages"}],"about":[{"href":"https:\/\/instalo-antunovic.hr\/index.php?rest_route=\/wp\/v2\/types\/page"}],"author":[{"embeddable":true,"href":"https:\/\/instalo-antunovic.hr\/index.php?rest_route=\/wp\/v2\/users\/1"}],"replies":[{"embeddable":true,"href":"https:\/\/instalo-antunovic.hr\/index.php?rest_route=%2Fwp%2Fv2%2Fcomments&post=21"}],"version-history":[{"count":5,"href":"https:\/\/instalo-antunovic.hr\/index.php?rest_route=\/wp\/v2\/pages\/21\/revisions"}],"predecessor-version":[{"id":114,"href":"https:\/\/instalo-antunovic.hr\/index.php?rest_route=\/wp\/v2\/pages\/21\/revisions\/114"}],"wp:attachment":[{"href":"https:\/\/instalo-antunovic.hr\/index.php?rest_route=%2Fwp%2Fv2%2Fmedia&parent=21"}],"curies":[{"name":"wp","href":"https:\/\/api.w.org\/{rel}","templated":true}]}}