{"id":27,"date":"2023-05-08T09:15:32","date_gmt":"2023-05-08T09:15:32","guid":{"rendered":"https:\/\/instalo-antunovic.hr\/?page_id=27"},"modified":"2025-10-15T08:41:43","modified_gmt":"2025-10-15T08:41:43","slug":"usluge","status":"publish","type":"page","link":"https:\/\/instalo-antunovic.hr\/?page_id=27","title":{"rendered":"Usluge"},"content":{"rendered":"<h4>&nbsp;<\/h4>\n<h4 style=\"text-align: center;\"><strong>Plinske instalacije:<\/strong><\/h4>\n<p>&nbsp;<\/p>\n<p style=\"text-align: center;\">Instalacija plinskog sistema za ku\u0107e, poslovne i industrijske objekte.<\/p>\n<p style=\"text-align: center;\">Popravak i odr\u017eavanje plinskih instalacija radi sigurnosti i optimalnog funkcioniranja.<\/p>\n<p style=\"text-align: center;\">Provjera i testiranje plinskih sistema kako bi se osigurala njihova efikasnost i uskla\u0111enost s propisima.<\/p>\n<p style=\"text-align: center;\">Zamjena i monta\u017ea plinskih ure\u0111aja, kao \u0161to su \u0161poreti, pe\u0107i, bojleri itd.<\/p>\n<p><img loading=\"lazy\" decoding=\"async\" class=\"size-medium wp-image-101 aligncenter\" src=\"https:\/\/instalo-antunovic.hr\/wp-content\/uploads\/2023\/06\/plinkske-300x208.jpg\" alt=\"\" width=\"300\" height=\"208\" srcset=\"https:\/\/instalo-antunovic.hr\/wp-content\/uploads\/2023\/06\/plinkske-300x208.jpg 300w, https:\/\/instalo-antunovic.hr\/wp-content\/uploads\/2023\/06\/plinkske-370x256.jpg 370w, https:\/\/instalo-antunovic.hr\/wp-content\/uploads\/2023\/06\/plinkske.jpg 488w\" sizes=\"auto, (max-width: 300px) 100vw, 300px\" \/><\/p>\n<p>&nbsp;<\/p>\n<h4 style=\"text-align: center;\"><strong>Vodovodne instalacije:<\/strong><\/h4>\n<p>&nbsp;<\/p>\n<p style=\"text-align: center;\">Instalacija vodovodnih sistema za ku\u0107e, poslovne i industrijske objekte.<\/p>\n<p style=\"text-align: center;\">Zamjena i popravak vodovodnih cijevi, slavina, tu\u0161eva, WC \u0161koljki i drugih sanitarnih ure\u0111aja.<\/p>\n<p style=\"text-align: center;\">Instalacija i servis sistema za grijanje vode<\/p>\n<p style=\"text-align: center;\">Otklanjanje curenja i popravka o\u0161te\u0107enja na vodovodnim instalacijama.<\/p>\n<p>&nbsp;<\/p>\n<p><img loading=\"lazy\" decoding=\"async\" class=\"size-medium wp-image-102 aligncenter\" style=\"text-align: center;\" src=\"https:\/\/instalo-antunovic.hr\/wp-content\/uploads\/2023\/06\/vodovodne-instalcije-300x200.jpg\" alt=\"\" width=\"300\" height=\"200\" srcset=\"https:\/\/instalo-antunovic.hr\/wp-content\/uploads\/2023\/06\/vodovodne-instalcije-300x200.jpg 300w, https:\/\/instalo-antunovic.hr\/wp-content\/uploads\/2023\/06\/vodovodne-instalcije-370x247.jpg 370w, https:\/\/instalo-antunovic.hr\/wp-content\/uploads\/2023\/06\/vodovodne-instalcije.jpg 450w\" sizes=\"auto, (max-width: 300px) 100vw, 300px\" \/><\/p>\n<p>&nbsp;<\/p>\n<h4 style=\"text-align: center;\"><strong>Klimatizacija:<\/strong><\/h4>\n<p style=\"text-align: center;\">Klimatizacija kao usluga pru\u017ea profesionalnu instalaciju, odr\u017eavanje i popravak klima ure\u0111aja za privatne i poslovne prostore. Osigurava optimalnu temperaturu i kvalitetu zraka tijekom cijele godine, pove\u0107avaju\u0107i udobnost i produktivnost. Usluga uklju\u010duje redovite preglede, \u010di\u0161\u0107enje filtera i brzo rje\u0161avanje kvarova, \u010dime se produ\u017euje vijek ure\u0111aja.<\/p>\n<p>&nbsp;<\/p>\n<p><img loading=\"lazy\" decoding=\"async\" class=\"size-medium wp-image-139 aligncenter\" src=\"https:\/\/instalo-antunovic.hr\/wp-content\/uploads\/2025\/10\/1c5799dc-d2d8-40f2-b0e6-a9d014587d53-300x300.png\" alt=\"\" width=\"300\" height=\"300\" srcset=\"https:\/\/instalo-antunovic.hr\/wp-content\/uploads\/2025\/10\/1c5799dc-d2d8-40f2-b0e6-a9d014587d53-300x300.png 300w, https:\/\/instalo-antunovic.hr\/wp-content\/uploads\/2025\/10\/1c5799dc-d2d8-40f2-b0e6-a9d014587d53-150x150.png 150w, https:\/\/instalo-antunovic.hr\/wp-content\/uploads\/2025\/10\/1c5799dc-d2d8-40f2-b0e6-a9d014587d53-768x768.png 768w, https:\/\/instalo-antunovic.hr\/wp-content\/uploads\/2025\/10\/1c5799dc-d2d8-40f2-b0e6-a9d014587d53-370x370.png 370w, https:\/\/instalo-antunovic.hr\/wp-content\/uploads\/2025\/10\/1c5799dc-d2d8-40f2-b0e6-a9d014587d53-90x90.png 90w, https:\/\/instalo-antunovic.hr\/wp-content\/uploads\/2025\/10\/1c5799dc-d2d8-40f2-b0e6-a9d014587d53-760x760.png 760w, https:\/\/instalo-antunovic.hr\/wp-content\/uploads\/2025\/10\/1c5799dc-d2d8-40f2-b0e6-a9d014587d53.png 1024w\" sizes=\"auto, (max-width: 300px) 100vw, 300px\" \/><\/p>\n<p>&nbsp;<\/p>\n<h4 style=\"text-align: center;\"><strong>Bu\u0161enje dijamantnom krunom:<\/strong><\/h4>\n<p><img loading=\"lazy\" decoding=\"async\" class=\"size-medium wp-image-138 aligncenter\" src=\"https:\/\/instalo-antunovic.hr\/wp-content\/uploads\/2025\/10\/Screen-Shot-10-15-25-at-10.37-AM-300x263.png\" alt=\"\" width=\"300\" height=\"263\" srcset=\"https:\/\/instalo-antunovic.hr\/wp-content\/uploads\/2025\/10\/Screen-Shot-10-15-25-at-10.37-AM-300x263.png 300w, https:\/\/instalo-antunovic.hr\/wp-content\/uploads\/2025\/10\/Screen-Shot-10-15-25-at-10.37-AM.png 367w\" sizes=\"auto, (max-width: 300px) 100vw, 300px\" \/><\/p>\n<p>&nbsp;<\/p>\n<p style=\"text-align: center;\">Osim navedenih usluga, tako\u0111er mo\u017eemo pru\u017eiti i savjete i konzultacije vezane za plinske i vodene instalacije i klimatizacije. Na\u0161 stru\u010dni tim je spreman da vam pomogne u svim va\u0161im potrebama i zahtjevima u vezi s plinskim i vodenim sistemima.<\/p>\n<p>&nbsp;<\/p>\n<p>&nbsp;<\/p>\n","protected":false},"excerpt":{"rendered":"<p>&nbsp; Plinske instalacije: &nbsp; Instalacija plinskog sistema za ku\u0107e, poslovne i industrijske objekte. Popravak i odr\u017eavanje plinskih instalacija radi sigurnosti i optimalnog funkcioniranja. Provjera i testiranje plinskih sistema kako bi se osigurala njihova efikasnost i uskla\u0111enost s propisima. Zamjena i monta\u017ea plinskih ure\u0111aja, kao&hellip;<\/p>\n","protected":false},"author":1,"featured_media":0,"parent":0,"menu_order":0,"comment_status":"closed","ping_status":"closed","template":"","meta":{"ngg_post_thumbnail":0,"footnotes":""},"class_list":["post-27","page","type-page","status-publish","hentry"],"_links":{"self":[{"href":"https:\/\/instalo-antunovic.hr\/index.php?rest_route=\/wp\/v2\/pages\/27","targetHints":{"allow":["GET"]}}],"collection":[{"href":"https:\/\/instalo-antunovic.hr\/index.php?rest_route=\/wp\/v2\/pages"}],"about":[{"href":"https:\/\/instalo-antunovic.hr\/index.php?rest_route=\/wp\/v2\/types\/page"}],"author":[{"embeddable":true,"href":"https:\/\/instalo-antunovic.hr\/index.php?rest_route=\/wp\/v2\/users\/1"}],"replies":[{"embeddable":true,"href":"https:\/\/instalo-antunovic.hr\/index.php?rest_route=%2Fwp%2Fv2%2Fcomments&post=27"}],"version-history":[{"count":10,"href":"https:\/\/instalo-antunovic.hr\/index.php?rest_route=\/wp\/v2\/pages\/27\/revisions"}],"predecessor-version":[{"id":141,"href":"https:\/\/instalo-antunovic.hr\/index.php?rest_route=\/wp\/v2\/pages\/27\/revisions\/141"}],"wp:attachment":[{"href":"https:\/\/instalo-antunovic.hr\/index.php?rest_route=%2Fwp%2Fv2%2Fmedia&parent=27"}],"curies":[{"name":"wp","href":"https:\/\/api.w.org\/{rel}","templated":true}]}}